{"id":7,"date":"2018-01-28T06:41:37","date_gmt":"2018-01-28T06:41:37","guid":{"rendered":"http:\/\/adrianalvarez.com.mx\/home\/?page_id=7"},"modified":"2018-01-28T06:41:37","modified_gmt":"2018-01-28T06:41:37","slug":"inicio","status":"publish","type":"page","link":"http:\/\/adrianalvarez.com.mx\/home\/","title":{"rendered":"Inicio"},"content":{"rendered":"<p>\u00a1Bienvenido a tu sitio! Esta es tu p\u00e1gina de inicio, que es la que la mayor\u00eda de visitantes ver\u00e1n cuando vengan a tu sitio por primera vez.<\/p>\n","protected":false},"excerpt":{"rendered":"<p>\u00a1Bienvenido a tu sitio! Esta es tu p\u00e1gina de inicio, que es la que la mayor\u00eda de visitantes ver\u00e1n cuando vengan a tu sitio por primera vez.<span class=\"more-link\"><a href=\"http:\/\/adrianalvarez.com.mx\/home\/\">Seguir leyendo&#8230;<\/a><\/span><\/p>\n","protected":false},"author":1,"featured_media":0,"parent":0,"menu_order":0,"comment_status":"closed","ping_status":"closed","template":"","meta":[],"_links":{"self":[{"href":"http:\/\/adrianalvarez.com.mx\/home\/wp-json\/wp\/v2\/pages\/7"}],"collection":[{"href":"http:\/\/adrianalvarez.com.mx\/home\/wp-json\/wp\/v2\/pages"}],"about":[{"href":"http:\/\/adrianalvarez.com.mx\/home\/wp-json\/wp\/v2\/types\/page"}],"author":[{"embeddable":true,"href":"http:\/\/adrianalvarez.com.mx\/home\/wp-json\/wp\/v2\/users\/1"}],"replies":[{"embeddable":true,"href":"http:\/\/adrianalvarez.com.mx\/home\/wp-json\/wp\/v2\/comments?post=7"}],"version-history":[{"count":1,"href":"http:\/\/adrianalvarez.com.mx\/home\/wp-json\/wp\/v2\/pages\/7\/revisions"}],"predecessor-version":[{"id":13,"href":"http:\/\/adrianalvarez.com.mx\/home\/wp-json\/wp\/v2\/pages\/7\/revisions\/13"}],"wp:attachment":[{"href":"http:\/\/adrianalvarez.com.mx\/home\/wp-json\/wp\/v2\/media?parent=7"}],"curies":[{"name":"wp","href":"https:\/\/api.w.org\/{rel}","templated":true}]}}